{"id":11255,"date":"2026-04-21T13:38:49","date_gmt":"2026-04-21T13:38:49","guid":{"rendered":"https:\/\/storykeeper.com\/de\/cookie-policy\/"},"modified":"2026-04-21T13:46:16","modified_gmt":"2026-04-21T13:46:16","slug":"cookie-policy","status":"publish","type":"page","link":"https:\/\/storykeeper.com\/de\/cookie-policy\/","title":{"rendered":"Cookie Policy"},"content":{"rendered":"\n<p>Diese Seite bietet umfassende Informationen dar\u00fcber, wie wir Cookies auf unserer Website verwenden, um Ihr Surferlebnis zu verbessern, die Leistung der Website zu optimieren und personalisierte Inhalte bereitzustellen. Cookies sind kleine Textdateien, die auf Ihrem Ger\u00e4t gespeichert werden, wenn Sie unsere Website besuchen. Sie helfen uns zu verstehen, wie Besucher mit unserer Website interagieren, sodass wir ein reibungsloseres und effizienteres Nutzererlebnis anbieten k\u00f6nnen. In der folgenden Tabelle finden Sie detaillierte Informationen zu jeder Art von Cookie, die wir verwenden, ihrem Zweck und der Dauer, f\u00fcr die sie auf Ihrem Ger\u00e4t gespeichert bleiben. Wir verpflichten uns, Ihre Privatsph\u00e4re zu respektieren und Transparenz dar\u00fcber zu schaffen, welche Daten wir durch Cookies erfassen. Weitere Informationen dar\u00fcber, wie wir mit Ihren personenbezogenen Daten umgehen, finden Sie in unserer <a href=\"https:\/\/storykeeper.com\/de\/privacy\/\" data-type=\"page\" data-id=\"236\">Datenschutzrichtlinie.<\/a><\/p>\n\n\n<div class=\"wpconsent-cookie-policy\"><h2 class=\"wpconsent-cookie-category-name\">Essenziell<\/h2><p class=\"wpconsent-cookie-category-description\">Essenzielle Cookies erm\u00f6glichen grundlegende Funktionen und sind f\u00fcr die ordnungsgem\u00e4\u00dfe Funktion der Website erforderlich.<\/p><table class=\"wpconsent-cookie-policy-table\"><tr><th>Name<\/th><th>Beschreibung<\/th><th>Dauer<\/th><\/tr><tr><td>wpconsent_preferences<\/td><td>Dieses Cookie wird verwendet, um die Cookie-Einwilligungseinstellungen des Benutzers zu speichern.<\/td><td>30 days<\/td><\/tr><\/table><h3 class=\"wpconsent-cookie-service-name\">Comments<\/h3><p class=\"wpconsent-cookie-service-description\">These cookies are needed for adding comments on this website.<\/p><table class=\"wpconsent-cookie-policy-table\"><tr><th>Name<\/th><th>Beschreibung<\/th><th>Dauer<\/th><\/tr><tr><td>comment_author<\/td><td>Wird verwendet, um den Benutzer \u00fcber mehrere Sitzungen hinweg zu verfolgen<\/td><td>Sitzung<\/td><\/tr><tr><td>comment_author_email<\/td><td>Wird verwendet, um den Benutzer \u00fcber mehrere Sitzungen hinweg zu verfolgen<\/td><td>Sitzung<\/td><\/tr><tr><td>comment_author_url<\/td><td>Wird verwendet, um den Benutzer \u00fcber mehrere Sitzungen hinweg zu verfolgen<\/td><td>Sitzung<\/td><\/tr><\/table><h3 class=\"wpconsent-cookie-service-name\">Google Tag Manager<\/h3><p class=\"wpconsent-cookie-service-description\">Google Tag Manager simplifies the management of marketing tags on your website without code changes.<\/p><table class=\"wpconsent-cookie-policy-table\"><tr><th>Name<\/th><th>Beschreibung<\/th><th>Dauer<\/th><\/tr><tr><td>cookiePreferences<\/td><td>Registers cookie preferences of a user<\/td><td>2 years<\/td><\/tr><tr><td>td<\/td><td>Erfasst statistische Daten \u00fcber das Verhalten der Nutzer auf der Website. Wird f\u00fcr interne Analysen durch den Websitebetreiber verwendet.<\/td><td>Sitzung<\/td><\/tr><\/table><h3 class=\"wpconsent-cookie-service-name\">Stripe<\/h3><p class=\"wpconsent-cookie-service-description\">Stripe is a payment processing platform that enables businesses to accept online payments securely and efficiently.<\/p><a href=\"https:\/\/stripe.com\/legal\/privacy-center\" target=\"_blank\" rel=\"noopener\">Learn more<\/a><table class=\"wpconsent-cookie-policy-table\"><tr><th>Name<\/th><th>Beschreibung<\/th><th>Dauer<\/th><\/tr><tr><td>__stripe_mid<\/td><td>Betrugspr\u00e4vention und -erkennung.<\/td><td>1 Jahr<\/td><\/tr><tr><td>__stripe_sid<\/td><td>Betrugspr\u00e4vention und -erkennung.<\/td><td>30 Minuten<\/td><\/tr><tr><td>m<\/td><td>Von dem Zahlungsanbieter stripe.com gesetzt, um Zahlungen zu verarbeiten.<\/td><td>10 Jahre<\/td><\/tr><\/table><h2 class=\"wpconsent-cookie-category-name\">Statistik<\/h2><p class=\"wpconsent-cookie-category-description\">Statistik-Cookies erfassen Informationen anonym. Diese Informationen helfen uns zu verstehen, wie Besucher unsere Website nutzen.<\/p><h3 class=\"wpconsent-cookie-service-name\">WooCommerce Sourcebuster<\/h3><p class=\"wpconsent-cookie-service-description\">SourceBuster is used by WooCommerce for order attribution based on user source.<\/p><table class=\"wpconsent-cookie-policy-table\"><tr><th>Name<\/th><th>Beschreibung<\/th><th>Dauer<\/th><\/tr><tr><td>sbjs_session<\/td><td>Die Anzahl der Seitenaufrufe in dieser Sitzung und der aktuelle Seitenpfad<\/td><td>30 Minuten<\/td><\/tr><tr><td>sbjs_udata<\/td><td>Informationen \u00fcber den User-Agent des Besuchers, wie z. B. die IP-Adresse, den Browser und den Ger\u00e4tetyp<\/td><td>Sitzung<\/td><\/tr><tr><td>sbjs_first<\/td><td>Informationen zur Herkunft des Traffics beim ersten Besuch des Besuchers in Ihrem Shop (nur anwendbar, wenn der Besucher zur\u00fcckkehrt, bevor die Sitzung abl\u00e4uft)<\/td><td>Sitzung<\/td><\/tr><tr><td>sbjs_current<\/td><td>Informationen zur Herkunft des Traffics beim aktuellen Besuch des Besuchers<\/td><td>Sitzung<\/td><\/tr><tr><td>sbjs_first_add<\/td><td>Zeitstempel, verweisende URL und Einstiegsseite f\u00fcr den ersten Besuch des Besuchers in Ihrem Shop (nur anwendbar, wenn der Besucher zur\u00fcckkehrt, bevor die Sitzung abl\u00e4uft)<\/td><td>Sitzung<\/td><\/tr><tr><td>sbjs_current_add<\/td><td>Zeitstempel, verweisende URL und Einstiegsseite f\u00fcr den aktuellen Besuch des Besuchers<\/td><td>Sitzung<\/td><\/tr><tr><td>sbjs_migrations<\/td><td>Technische Daten zur Unterst\u00fctzung von Migrationen zwischen verschiedenen Versionen der Tracking-Funktion<\/td><td>Sitzung<\/td><\/tr><\/table><\/div>\n","protected":false},"excerpt":{"rendered":"<p>Diese Seite bietet umfassende Informationen dar\u00fcber, wie wir Cookies auf unserer Website verwenden, um Ihr Surferlebnis zu verbessern, die Leistung der Website zu optimieren und personalisierte Inhalte bereitzustellen. Cookies sind kleine Textdateien, die auf Ihrem Ger\u00e4t gespeichert werden, wenn Sie unsere Website besuchen. Sie helfen uns zu verstehen, wie Besucher mit unserer Website interagieren, sodass [&hellip;]<\/p>\n","protected":false},"author":1,"featured_media":0,"parent":0,"menu_order":0,"comment_status":"closed","ping_status":"closed","template":"","meta":{"inline_featured_image":false,"_monsterinsights_skip_tracking":false,"_monsterinsights_sitenote_active":false,"_monsterinsights_sitenote_note":"","_monsterinsights_sitenote_category":0,"footnotes":""},"class_list":["post-11255","page","type-page","status-publish"],"acf":[],"_links":{"self":[{"href":"https:\/\/storykeeper.com\/de\/wp-json\/wp\/v2\/pages\/11255","targetHints":{"allow":["GET"]}}],"collection":[{"href":"https:\/\/storykeeper.com\/de\/wp-json\/wp\/v2\/pages"}],"about":[{"href":"https:\/\/storykeeper.com\/de\/wp-json\/wp\/v2\/types\/page"}],"author":[{"embeddable":true,"href":"https:\/\/storykeeper.com\/de\/wp-json\/wp\/v2\/users\/1"}],"replies":[{"embeddable":true,"href":"https:\/\/storykeeper.com\/de\/wp-json\/wp\/v2\/comments?post=11255"}],"version-history":[{"count":1,"href":"https:\/\/storykeeper.com\/de\/wp-json\/wp\/v2\/pages\/11255\/revisions"}],"predecessor-version":[{"id":11257,"href":"https:\/\/storykeeper.com\/de\/wp-json\/wp\/v2\/pages\/11255\/revisions\/11257"}],"wp:attachment":[{"href":"https:\/\/storykeeper.com\/de\/wp-json\/wp\/v2\/media?parent=11255"}],"curies":[{"name":"wp","href":"https:\/\/api.w.org\/{rel}","templated":true}]}}