{"id":7327,"date":"2024-01-04T08:47:01","date_gmt":"2024-01-04T08:47:01","guid":{"rendered":"https:\/\/storykeeper.com\/es\/blog\/"},"modified":"2026-03-13T13:41:09","modified_gmt":"2026-03-13T13:41:09","slug":"blog","status":"publish","type":"page","link":"https:\/\/storykeeper.com\/es\/blog\/","title":{"rendered":"Blog"},"content":{"rendered":"\t\t<div data-elementor-type=\"wp-page\" data-elementor-id=\"7327\" class=\"elementor elementor-7327\" data-elementor-post-type=\"page\">\n\t\t\t\t<div class=\"elementor-element elementor-element-1893c43 e-flex e-con-boxed e-con e-parent\" data-id=\"1893c43\" data-element_type=\"container\" data-settings=\"{&quot;jet_parallax_layout_list&quot;:[]}\">\n\t\t\t\t\t<div class=\"e-con-inner\">\n\t\t<div class=\"elementor-element elementor-element-bdb5502 e-flex e-con-boxed e-con e-child\" data-id=\"bdb5502\" data-element_type=\"container\" data-settings=\"{&quot;jet_parallax_layout_list&quot;:[]}\">\n\t\t\t\t\t<div class=\"e-con-inner\">\n\t\t\t\t<div class=\"elementor-element elementor-element-8f7b558 elementor-widget elementor-widget-heading\" data-id=\"8f7b558\" data-element_type=\"widget\" data-widget_type=\"heading.default\">\n\t\t\t\t<div class=\"elementor-widget-container\">\n\t\t\t<style>\/*! elementor - v3.21.0 - 15-04-2024 *\/\n.elementor-heading-title{padding:0;margin:0;line-height:1}.elementor-widget-heading .elementor-heading-title[class*=elementor-size-]>a{color:inherit;font-size:inherit;line-height:inherit}.elementor-widget-heading .elementor-heading-title.elementor-size-small{font-size:15px}.elementor-widget-heading .elementor-heading-title.elementor-size-medium{font-size:19px}.elementor-widget-heading .elementor-heading-title.elementor-size-large{font-size:29px}.elementor-widget-heading .elementor-heading-title.elementor-size-xl{font-size:39px}.elementor-widget-heading .elementor-heading-title.elementor-size-xxl{font-size:59px}<\/style><h1 class=\"elementor-heading-title elementor-size-default\">Nuestros blogs exclusivos<\/h1>\t\t<\/div>\n\t\t\t\t<\/div>\n\t\t\t\t<div class=\"elementor-element elementor-element-655958a elementor-widget elementor-widget-taxonomy-filter\" data-id=\"655958a\" data-element_type=\"widget\" data-settings=\"{&quot;selected_element&quot;:&quot;62a7ab1&quot;,&quot;taxonomy&quot;:&quot;category&quot;,&quot;item_alignment_horizontal_tablet&quot;:&quot;start&quot;,&quot;horizontal_scroll&quot;:&quot;disable&quot;}\" data-widget_type=\"taxonomy-filter.default\">\n\t\t\t\t<div class=\"elementor-widget-container\">\n\t\t\t<style>\/*! elementor-pro - v3.18.0 - 06-12-2023 *\/\n.elementor-widget-taxonomy-filter{--e-filter-display:flex;--e-filter-direction:row;--e-filter-justify-content:center;--e-filter-wrap:wrap;--e-filter-align-items:center;--e-filter-item-width:initial;--e-filter-item-max-width:calc(100% - calc(var(--e-filter-item-padding)*3));--e-filter-item-justify-content:center;--e-filter-item-flex-grow:0;--e-filter-item-align-items:center;--e-filter-item-border-radius:initial;--e-filter-space-between:20px;--e-filter-normal-text-color:#69727d;--e-filter-active-text-color:#0c0d0e;--e-filter-hover-text-color:#0c0d0e;--e-filter-overflow-x:initial;--e-filter-white-space:nowrap;--e-filter-item-align-text:center;--e-filter-item-padding:8px;--e-filter-item-box-sizing:initial}.elementor-widget-taxonomy-filter .e-filter{display:var(--e-filter-display);flex-direction:var(--e-filter-direction);flex-shrink:0;justify-content:var(--e-filter-justify-content);align-items:var(--e-filter-align-items);gap:var(--e-filter-space-between);overflow-x:var(--e-filter-overflow-x);flex-wrap:var(--e-filter-wrap);-ms-overflow-style:none;scrollbar-width:none}.elementor-widget-taxonomy-filter .e-filter::-webkit-scrollbar{display:none}.elementor-widget-taxonomy-filter .e-filter.e-scroll{cursor:grabbing;cursor:-webkit-grabbing}.elementor-widget-taxonomy-filter .e-filter.e-scroll-active{position:relative}.elementor-widget-taxonomy-filter .e-filter.e-scroll-active:before{content:\"\";position:absolute;inset-block:0;inset-inline:-1000vw;z-index:2}.elementor-widget-taxonomy-filter .e-filter-item{all:unset;border:1px #69727d;border-radius:var(--e-filter-item-border-radius);line-height:normal;color:var(--e-filter-normal-text-color);padding:var(--e-filter-item-padding);display:var(--e-filter-display);justify-content:var(--e-filter-item-justify-content);align-items:var(--e-filter-item-align-items);flex-grow:var(--e-filter-item-flex-grow);flex-basis:content;flex-shrink:0;width:var(--e-filter-item-width);max-width:var(--e-filter-item-max-width);white-space:var(--e-filter-white-space);text-align:var(--e-filter-item-align-text);box-sizing:var(--e-filter-item-box-sizing);overflow-wrap:break-word;overflow:hidden}.elementor-widget-taxonomy-filter .e-filter-item[aria-pressed=true]{color:var(--e-filter-active-text-color);border-color:#0c0d0e}.elementor-widget-taxonomy-filter .e-filter-item:hover:not([aria-pressed=true]){color:var(--e-filter-hover-text-color);border-color:#0c0d0e}.elementor-widget-taxonomy-filter .e-filter-item:hover,.elementor-widget-taxonomy-filter .e-filter-item[aria-pressed=true]{background-color:initial}.elementor-widget-taxonomy-filter .e-filter-item[data-filter=__all]{order:-1}.elementor-widget-taxonomy-filter .e-filter-item:focus{background-color:initial;outline:none}.elementor-widget-taxonomy-filter .e-filter-item:focus-visible{outline:5px auto -webkit-focus-ring-color}.elementor-widget-taxonomy-filter .e-filter-empty{background-color:rgba(213,216,220,.8);color:#0c0d0e;text-align:center;font-size:1rem;padding:1rem 0}.elementor-widget-loop-grid .e-loop-item.e-inactive{display:none}<\/style>\t\t<search class=\"e-filter\" role=\"search\" data-base-url=\"https:\/\/storykeeper.com\/es\/\" data-page-num=\"1\">\n\t\t\t\t\t\t\t<button class=\"e-filter-item\" data-filter=\"sin-categorizar\" aria-pressed=\"false\">Sin categorizar<\/button>\n\t\t\t\t\t\t\t<button class=\"e-filter-item\" data-filter=\"uncategorized\" aria-pressed=\"false\">Uncategorized<\/button>\n\t\t\t\n\t\t\t\t\t\t\t\t\t<button class=\"e-filter-item\" data-filter=\"__all\" aria-pressed=\"true\">\n\t\t\t\tTodo\t\t\t<\/button>\n\t\t\t\t\t<\/search>\n\t\t\t\t<\/div>\n\t\t\t\t<\/div>\n\t\t\t\t<div class=\"elementor-element elementor-element-62a7ab1 elementor-widget__width-initial elementor-grid-3 elementor-grid-tablet-2 elementor-grid-mobile-1 elementor-widget elementor-widget-loop-grid\" data-id=\"62a7ab1\" data-element_type=\"widget\" data-settings=\"{&quot;template_id&quot;:&quot;8930&quot;,&quot;row_gap&quot;:{&quot;unit&quot;:&quot;px&quot;,&quot;size&quot;:60,&quot;sizes&quot;:[]},&quot;row_gap_mobile&quot;:{&quot;unit&quot;:&quot;px&quot;,&quot;size&quot;:40,&quot;sizes&quot;:[]},&quot;_skin&quot;:&quot;post&quot;,&quot;columns&quot;:&quot;3&quot;,&quot;columns_tablet&quot;:&quot;2&quot;,&quot;columns_mobile&quot;:&quot;1&quot;,&quot;edit_handle_selector&quot;:&quot;[data-elementor-type=\\&quot;loop-item\\&quot;]&quot;,&quot;row_gap_laptop&quot;:{&quot;unit&quot;:&quot;px&quot;,&quot;size&quot;:&quot;&quot;,&quot;sizes&quot;:[]},&quot;row_gap_tablet&quot;:{&quot;unit&quot;:&quot;px&quot;,&quot;size&quot;:&quot;&quot;,&quot;sizes&quot;:[]}}\" data-widget_type=\"loop-grid.post\">\n\t\t\t\t<div class=\"elementor-widget-container\">\n\t\t\t<link rel=\"stylesheet\" href=\"https:\/\/eadn-wc05-16378574.nxedge.io\/es\/wp-content\/plugins\/elementor-pro\/assets\/css\/widget-loop-builder.min.css\">\t\t<div class=\"elementor-loop-container elementor-grid\">\n\t\t<style id=\"loop-8930\">.elementor-8930 .elementor-element.elementor-element-79690bf7{--display:flex;--flex-direction:column;--container-widget-width:calc( ( 1 - var( --container-widget-flex-grow ) ) * 100% );--container-widget-height:initial;--container-widget-flex-grow:0;--container-widget-align-self:initial;--justify-content:flex-start;--align-items:flex-start;--flex-wrap:wrap;--background-transition:0.3s;--padding-top:0px;--padding-bottom:0px;--padding-left:0px;--padding-right:0px;}.elementor-8930 .elementor-element.elementor-element-725edfe3 img{width:100%;max-width:100%;height:250px;object-fit:cover;object-position:center center;border-radius:8px 8px 8px 8px;}.elementor-8930 .elementor-element.elementor-element-725edfe3{width:100%;max-width:100%;}.elementor-8930 .elementor-element.elementor-element-4fc28fa4 .elementor-icon-list-icon{width:21px;}.elementor-8930 .elementor-element.elementor-element-4fc28fa4 .elementor-icon-list-icon i{font-size:21px;}.elementor-8930 .elementor-element.elementor-element-4fc28fa4 .elementor-icon-list-icon svg{--e-icon-list-icon-size:21px;}body:not(.rtl) .elementor-8930 .elementor-element.elementor-element-4fc28fa4 .elementor-icon-list-text{padding-left:5px;}body.rtl .elementor-8930 .elementor-element.elementor-element-4fc28fa4 .elementor-icon-list-text{padding-right:5px;}.elementor-8930 .elementor-element.elementor-element-4fc28fa4 .elementor-icon-list-text, .elementor-8930 .elementor-element.elementor-element-4fc28fa4 .elementor-icon-list-text a{color:#2C301F;}.elementor-8930 .elementor-element.elementor-element-4fc28fa4 .elementor-icon-list-item{font-family:\"Inter\", Sans-serif;font-size:16px;font-weight:400;line-height:0em;}.elementor-8930 .elementor-element.elementor-element-4fc28fa4 > .elementor-widget-container{margin:24px 0px 16px 0px;padding:10px 10px 10px 10px;background-color:#F5F3EB;border-radius:11px 11px 11px 11px;}.elementor-8930 .elementor-element.elementor-element-4fc28fa4{width:auto;max-width:auto;}.elementor-8930 .elementor-element.elementor-element-7b2a6318 .elementor-heading-title{font-family:\"ITC Garamont STD\", Sans-serif;font-size:26px;font-weight:400;line-height:1em;}.elementor-8930 .elementor-element.elementor-element-7b2a6318 > .elementor-widget-container{margin:0px 0px 24px 0px;}.elementor-8930 .elementor-element.elementor-element-651da44c .elementor-button .elementor-align-icon-right{margin-left:10px;}.elementor-8930 .elementor-element.elementor-element-651da44c .elementor-button .elementor-align-icon-left{margin-right:10px;}.elementor-8930 .elementor-element.elementor-element-651da44c .elementor-button{font-family:\"Lato\", Sans-serif;font-size:20px;font-weight:500;fill:#2C301F;color:#2C301F;background-color:#02010100;border-radius:0px 0px 0px 0px;padding:0px 0px 0px 0px;}.elementor-8930 .elementor-element.elementor-element-651da44c .elementor-button:hover, .elementor-8930 .elementor-element.elementor-element-651da44c .elementor-button:focus{color:var( --e-global-color-secondary );}.elementor-8930 .elementor-element.elementor-element-651da44c .elementor-button:hover svg, .elementor-8930 .elementor-element.elementor-element-651da44c .elementor-button:focus svg{fill:var( --e-global-color-secondary );}@media(max-width:1024px){.elementor-8930 .elementor-element.elementor-element-4fc28fa4 > .elementor-widget-container{margin:18px 0px 12px 0px;padding:8px 8px 8px 8px;}.elementor-8930 .elementor-element.elementor-element-7b2a6318 .elementor-heading-title{font-size:22px;}.elementor-8930 .elementor-element.elementor-element-7b2a6318 > .elementor-widget-container{margin:0px 0px 18px 0px;}.elementor-8930 .elementor-element.elementor-element-651da44c .elementor-button{font-size:16px;}}@media(max-width:767px){.elementor-8930 .elementor-element.elementor-element-4fc28fa4 .elementor-icon-list-icon{width:17px;}.elementor-8930 .elementor-element.elementor-element-4fc28fa4 .elementor-icon-list-icon i{font-size:17px;}.elementor-8930 .elementor-element.elementor-element-4fc28fa4 .elementor-icon-list-icon svg{--e-icon-list-icon-size:17px;}.elementor-8930 .elementor-element.elementor-element-4fc28fa4 .elementor-icon-list-item{font-size:14px;}.elementor-8930 .elementor-element.elementor-element-4fc28fa4 > .elementor-widget-container{margin:18px 0px 16px 0px;}.elementor-8930 .elementor-element.elementor-element-7b2a6318 .elementor-heading-title{font-size:24px;}}\/* Start custom CSS for theme-post-title, class: .elementor-element-7b2a6318 *\/.elementor-8930 .elementor-element.elementor-element-7b2a6318 .elementor-heading-title {\n     white-space: nowrap;\n  overflow: hidden;\n  text-overflow: ellipsis;\n  display: block; \/* ili inline-block, ako treba *\/\n}\n\n.elementor-8930 .elementor-element.elementor-element-7b2a6318 a{\n    font-family: \"ITC Garamont STD\";\n    transition:0.3s; \n}\n\n.elementor-8930 .elementor-element.elementor-element-7b2a6318 a:hover{\n    color:#D88C23;\n}\n\n.elementor-8930 .elementor-element.elementor-element-7b2a6318 {\n    display: block;\n}\/* End custom CSS *\/\n\/* Start custom CSS for button, class: .elementor-element-651da44c *\/.elementor-8930 .elementor-element.elementor-element-651da44c svg{\n    width:0.7em;\n}\/* End custom CSS *\/<\/style>\t\t<div data-elementor-type=\"loop-item\" data-elementor-id=\"8930\" class=\"elementor elementor-8930 e-loop-item e-loop-item-7377 post-7377 post type-post status-publish format-standard category-sin-categorizar\" data-elementor-post-type=\"elementor_library\" data-custom-edit-handle=\"1\">\n\t\t\t\t\t<div class=\"elementor-section-wrap\">\n\t\t\t\t\t\t<div class=\"elementor-element elementor-element-79690bf7 e-flex e-con-boxed e-con e-parent\" data-id=\"79690bf7\" data-element_type=\"container\" data-settings=\"{&quot;jet_parallax_layout_list&quot;:[]}\">\n\t\t\t\t\t<div class=\"e-con-inner\">\n\t\t\t\t<div class=\"elementor-element elementor-element-725edfe3 elementor-widget__width-inherit elementor-widget elementor-widget-image\" data-id=\"725edfe3\" data-element_type=\"widget\" data-widget_type=\"image.default\">\n\t\t\t\t<div class=\"elementor-widget-container\">\n\t\t\t<style>\/*! elementor - v3.21.0 - 15-04-2024 *\/\n.elementor-widget-image{text-align:center}.elementor-widget-image a{display:inline-block}.elementor-widget-image a img[src$=\".svg\"]{width:48px}.elementor-widget-image img{vertical-align:middle;display:inline-block}<\/style>\t\t\t\t\t\t\t\t\t\t<img decoding=\"async\" src=\"https:\/\/eadn-wc05-16378574.nxedge.io\/wp-content\/uploads\/2025\/07\/ChatGPT-Image-Jul-23-2025-06-54-00-PM-min-min.png\" title=\"\" alt=\"ChatGPT Image Jul 23 2025 06 54 00 PM min min\" loading=\"lazy\" \/>\t\t\t\t\t\t\t\t\t\t\t\t\t<\/div>\n\t\t\t\t<\/div>\n\t\t\t\t<div class=\"elementor-element elementor-element-4fc28fa4 elementor-widget__width-auto elementor-widget elementor-widget-post-info\" data-id=\"4fc28fa4\" data-element_type=\"widget\" data-widget_type=\"post-info.default\">\n\t\t\t\t<div class=\"elementor-widget-container\">\n\t\t\t<link rel=\"stylesheet\" href=\"https:\/\/eadn-wc05-16378574.nxedge.io\/es\/wp-content\/uploads\/sites\/19\/elementor\/css\/custom-widget-icon-list.min.css?ver=1752831114\"><link rel=\"stylesheet\" href=\"https:\/\/eadn-wc05-16378574.nxedge.io\/es\/wp-content\/plugins\/elementor-pro\/assets\/css\/widget-theme-elements.min.css\">\t\t<ul class=\"elementor-inline-items elementor-icon-list-items elementor-post-info\">\n\t\t\t\t\t\t\t\t<li class=\"elementor-icon-list-item elementor-repeater-item-8af39de elementor-inline-item\" itemprop=\"datePublished\">\n\t\t\t\t\t\t\t\t\t\t<span class=\"elementor-icon-list-icon\">\n\t\t\t\t\t\t\t\t<svg xmlns=\"http:\/\/www.w3.org\/2000\/svg\" width=\"16\" height=\"18\" viewBox=\"0 0 16 18\" fill=\"none\"><path d=\"M4.66602 0.666992V3.16699\" stroke=\"#2C301F\" stroke-miterlimit=\"10\" stroke-linecap=\"round\" stroke-linejoin=\"round\"><\/path><path d=\"M11.334 0.666992V3.16699\" stroke=\"#2C301F\" stroke-miterlimit=\"10\" stroke-linecap=\"round\" stroke-linejoin=\"round\"><\/path><path d=\"M0.916016 6.5752H15.0827\" stroke=\"#2C301F\" stroke-miterlimit=\"10\" stroke-linecap=\"round\" stroke-linejoin=\"round\"><\/path><path d=\"M15.5 6.08366V13.167C15.5 15.667 14.25 17.3337 11.3333 17.3337H4.66667C1.75 17.3337 0.5 15.667 0.5 13.167V6.08366C0.5 3.58366 1.75 1.91699 4.66667 1.91699H11.3333C14.25 1.91699 15.5 3.58366 15.5 6.08366Z\" stroke=\"#2C301F\" stroke-miterlimit=\"10\" stroke-linecap=\"round\" stroke-linejoin=\"round\"><\/path><path d=\"M11.0781 10.4167H11.0856\" stroke=\"#2C301F\" stroke-width=\"1.5\" stroke-linecap=\"round\" stroke-linejoin=\"round\"><\/path><path d=\"M11.0781 12.9167H11.0856\" stroke=\"#2C301F\" stroke-width=\"1.5\" stroke-linecap=\"round\" stroke-linejoin=\"round\"><\/path><path d=\"M7.99607 10.4167H8.00356\" stroke=\"#2C301F\" stroke-width=\"1.5\" stroke-linecap=\"round\" stroke-linejoin=\"round\"><\/path><path d=\"M7.99607 12.9167H8.00356\" stroke=\"#2C301F\" stroke-width=\"1.5\" stroke-linecap=\"round\" stroke-linejoin=\"round\"><\/path><path d=\"M4.91209 10.4167H4.91957\" stroke=\"#2C301F\" stroke-width=\"1.5\" stroke-linecap=\"round\" stroke-linejoin=\"round\"><\/path><path d=\"M4.91209 12.9167H4.91957\" stroke=\"#2C301F\" stroke-width=\"1.5\" stroke-linecap=\"round\" stroke-linejoin=\"round\"><\/path><\/svg>\t\t\t\t\t\t\t<\/span>\n\t\t\t\t\t\t\t\t\t<span class=\"elementor-icon-list-text elementor-post-info__item elementor-post-info__item--type-date\">\n\t\t\t\t\t\t\t\t\t\t05.02.2024\t\t\t\t\t<\/span>\n\t\t\t\t\t\t\t\t<\/li>\n\t\t\t\t<\/ul>\n\t\t\t\t<\/div>\n\t\t\t\t<\/div>\n\t\t\t\t<div class=\"elementor-element elementor-element-7b2a6318 elementor-widget elementor-widget-theme-post-title elementor-page-title elementor-widget-heading\" data-id=\"7b2a6318\" data-element_type=\"widget\" data-widget_type=\"theme-post-title.default\">\n\t\t\t\t<div class=\"elementor-widget-container\">\n\t\t\t<h3 class=\"elementor-heading-title elementor-size-default\"><a href=\"https:\/\/storykeeper.com\/es\/blog\/2024\/02\/05\/mas-que-un-regalo-por-que-y-como-crear-un-libro-de-historias-de-vida-para-los-abuelos\/\">M\u00e1s que un regalo: Por qu\u00e9 y c\u00f3mo crear un libro de historias de vida para los abuelos<\/a><\/h3>\t\t<\/div>\n\t\t\t\t<\/div>\n\t\t\t\t<div class=\"elementor-element elementor-element-651da44c elementor-widget elementor-widget-button\" data-id=\"651da44c\" data-element_type=\"widget\" data-widget_type=\"button.default\">\n\t\t\t\t<div class=\"elementor-widget-container\">\n\t\t\t\t\t<div class=\"elementor-button-wrapper\">\n\t\t\t<a class=\"elementor-button elementor-button-link elementor-size-sm\" href=\"https:\/\/storykeeper.com\/es\/blog\/2024\/02\/05\/mas-que-un-regalo-por-que-y-como-crear-un-libro-de-historias-de-vida-para-los-abuelos\/\">\n\t\t\t\t\t\t<span class=\"elementor-button-content-wrapper\">\n\t\t\t\t\t\t<span class=\"elementor-button-icon elementor-align-icon-right\">\n\t\t\t\t<svg xmlns=\"http:\/\/www.w3.org\/2000\/svg\" width=\"16\" height=\"14\" viewBox=\"0 0 16 14\" fill=\"none\"><path fill-rule=\"evenodd\" clip-rule=\"evenodd\" d=\"M0.107535 7.07129C0.107535 7.4855 0.443322 7.82129 0.857535 7.82129L13.189 7.82129L8.56069 12.4496C8.2678 12.7425 8.2678 13.2174 8.56069 13.5103C8.85359 13.8032 9.32846 13.8032 9.62135 13.5103L15.53 7.60162C15.8229 7.30872 15.8229 6.83385 15.53 6.54096L9.62135 0.63231C9.32846 0.339417 8.85358 0.339417 8.56069 0.63231C8.2678 0.925203 8.2678 1.40008 8.56069 1.69297L13.189 6.32129L0.857535 6.32129C0.443322 6.32129 0.107535 6.65708 0.107535 7.07129Z\" fill=\"#2C301F\"><\/path><\/svg>\t\t\t<\/span>\n\t\t\t\t\t\t\t\t\t<span class=\"elementor-button-text\">Leer m\u00e1s<\/span>\n\t\t\t\t\t<\/span>\n\t\t\t\t\t<\/a>\n\t\t<\/div>\n\t\t\t\t<\/div>\n\t\t\t\t<\/div>\n\t\t\t\t\t<\/div>\n\t\t\t\t<\/div>\n\t\t\t\t\t\t\t<\/div>\n\t\t\t\t<\/div>\n\t\t\t\t<\/div>\n\t\t\n\t\t\t\t<\/div>\n\t\t\t\t<\/div>\n\t\t\t\t\t<\/div>\n\t\t\t\t<\/div>\n\t\t\t\t\t<\/div>\n\t\t\t\t<\/div>\n\t\t\t\t<\/div>\n\t\t","protected":false},"excerpt":{"rendered":"<p>Nuestros blogs exclusivos Sin categorizar Uncategorized Todo<\/p>\n","protected":false},"author":1,"featured_media":0,"parent":0,"menu_order":0,"comment_status":"closed","ping_status":"closed","template":"","meta":{"inline_featured_image":false,"_monsterinsights_skip_tracking":false,"_monsterinsights_sitenote_active":false,"_monsterinsights_sitenote_note":"","_monsterinsights_sitenote_category":0,"footnotes":""},"class_list":["post-7327","page","type-page","status-publish"],"acf":[],"_links":{"self":[{"href":"https:\/\/storykeeper.com\/es\/wp-json\/wp\/v2\/pages\/7327","targetHints":{"allow":["GET"]}}],"collection":[{"href":"https:\/\/storykeeper.com\/es\/wp-json\/wp\/v2\/pages"}],"about":[{"href":"https:\/\/storykeeper.com\/es\/wp-json\/wp\/v2\/types\/page"}],"author":[{"embeddable":true,"href":"https:\/\/storykeeper.com\/es\/wp-json\/wp\/v2\/users\/1"}],"replies":[{"embeddable":true,"href":"https:\/\/storykeeper.com\/es\/wp-json\/wp\/v2\/comments?post=7327"}],"version-history":[{"count":13,"href":"https:\/\/storykeeper.com\/es\/wp-json\/wp\/v2\/pages\/7327\/revisions"}],"predecessor-version":[{"id":9153,"href":"https:\/\/storykeeper.com\/es\/wp-json\/wp\/v2\/pages\/7327\/revisions\/9153"}],"wp:attachment":[{"href":"https:\/\/storykeeper.com\/es\/wp-json\/wp\/v2\/media?parent=7327"}],"curies":[{"name":"wp","href":"https:\/\/api.w.org\/{rel}","templated":true}]}}