{"id":9236,"date":"2026-04-21T13:19:30","date_gmt":"2026-04-21T13:19:30","guid":{"rendered":"https:\/\/storykeeper.com\/es\/cookie-policy\/"},"modified":"2026-04-21T13:47:59","modified_gmt":"2026-04-21T13:47:59","slug":"cookie-policy","status":"publish","type":"page","link":"https:\/\/storykeeper.com\/es\/cookie-policy\/","title":{"rendered":"Cookie Policy"},"content":{"rendered":"\n<p>Esta p\u00e1gina proporciona informaci\u00f3n completa sobre c\u00f3mo utilizamos las cookies en nuestro sitio web para mejorar su experiencia de navegaci\u00f3n, optimizar el rendimiento del sitio web y ofrecer contenido personalizado. Las cookies son peque\u00f1os archivos de texto que se almacenan en su dispositivo cuando visita nuestro sitio. Nos ayudan a entender c\u00f3mo los visitantes interact\u00faan con nuestro sitio web, lo que nos permite ofrecer una experiencia de usuario m\u00e1s fluida y eficiente. En la tabla a continuaci\u00f3n, encontrar\u00e1 informaci\u00f3n detallada sobre cada tipo de cookie que utilizamos, su finalidad y el tiempo que permanecen en su dispositivo. Estamos comprometidos con el respeto a su privacidad y con brindar transparencia sobre los datos que recopilamos a trav\u00e9s de las cookies. Para obtener m\u00e1s informaci\u00f3n sobre c\u00f3mo tratamos sus datos personales, consulte nuestra <a href=\"https:\/\/storykeeper.com\/es\/privacidad\/\" data-type=\"page\" data-id=\"7338\">Pol\u00edtica de Privacidad.<\/a><\/p>\n\n\n<div class=\"wpconsent-cookie-policy\"><h2 class=\"wpconsent-cookie-category-name\">Esenciales<\/h2><p class=\"wpconsent-cookie-category-description\">Las cookies esenciales habilitan funciones b\u00e1sicas y son necesarias para el correcto funcionamiento del sitio web.<\/p><table class=\"wpconsent-cookie-policy-table\"><tr><th>Nombre<\/th><th>Descripci\u00f3n<\/th><th>Duraci\u00f3n<\/th><\/tr><tr><td>wpconsent_preferences<\/td><td>Esta cookie se utiliza para almacenar las preferencias de consentimiento de cookies del usuario.<\/td><td>30 d\u00edas<\/td><\/tr><\/table><h3 class=\"wpconsent-cookie-service-name\">Comments<\/h3><p class=\"wpconsent-cookie-service-description\">These cookies are needed for adding comments on this website.<\/p><table class=\"wpconsent-cookie-policy-table\"><tr><th>Nombre<\/th><th>Descripci\u00f3n<\/th><th>Duraci\u00f3n<\/th><\/tr><tr><td>comment_author<\/td><td>Se utiliza para rastrear al usuario a trav\u00e9s de m\u00faltiples sesiones.<\/td><td>Sesi\u00f3n<\/td><\/tr><tr><td>comment_author_email<\/td><td>Se utiliza para rastrear al usuario a trav\u00e9s de m\u00faltiples sesiones.<\/td><td>Sesi\u00f3n<\/td><\/tr><tr><td>comment_author_url<\/td><td>Se utiliza para rastrear al usuario a trav\u00e9s de m\u00faltiples sesiones.<\/td><td>Sesi\u00f3n<\/td><\/tr><\/table><h3 class=\"wpconsent-cookie-service-name\">Google Tag Manager<\/h3><p class=\"wpconsent-cookie-service-description\">Google Tag Manager simplifies the management of marketing tags on your website without code changes.<\/p><table class=\"wpconsent-cookie-policy-table\"><tr><th>Nombre<\/th><th>Descripci\u00f3n<\/th><th>Duraci\u00f3n<\/th><\/tr><tr><td>cookiePreferences<\/td><td>Registra las preferencias de cookies de un usuario.<\/td><td>2 a\u00f1os<\/td><\/tr><tr><td>td<\/td><td>Registra datos estad\u00edsticos sobre el comportamiento de los usuarios en el sitio web. Se utiliza para an\u00e1lisis internos por parte del operador del sitio web.<\/td><td>Sesi\u00f3n<\/td><\/tr><\/table><h3 class=\"wpconsent-cookie-service-name\">Stripe<\/h3><p class=\"wpconsent-cookie-service-description\">Stripe is a payment processing platform that enables businesses to accept online payments securely and efficiently.<\/p><a href=\"https:\/\/stripe.com\/legal\/privacy-center\" target=\"_blank\" rel=\"noopener\">Learn more<\/a><table class=\"wpconsent-cookie-policy-table\"><tr><th>Nombre<\/th><th>Descripci\u00f3n<\/th><th>Duraci\u00f3n<\/th><\/tr><tr><td>__stripe_mid<\/td><td>Prevenci\u00f3n y detecci\u00f3n de fraude.<\/td><td>1 a\u00f1o<\/td><\/tr><tr><td>__stripe_sid<\/td><td>Prevenci\u00f3n y detecci\u00f3n de fraude.<\/td><td>30 minutos<\/td><\/tr><tr><td>m<\/td><td>Establecida por el proveedor de pagos stripe.com para procesar pagos.<\/td><td>10 a\u00f1os<\/td><\/tr><\/table><h2 class=\"wpconsent-cookie-category-name\">Estad\u00edsticas<\/h2><p class=\"wpconsent-cookie-category-description\">Las cookies estad\u00edsticas recopilan informaci\u00f3n de forma an\u00f3nima. Esta informaci\u00f3n nos ayuda a entender c\u00f3mo los visitantes utilizan nuestro sitio web.<\/p><h3 class=\"wpconsent-cookie-service-name\">WooCommerce Sourcebuster<\/h3><p class=\"wpconsent-cookie-service-description\">SourceBuster is used by WooCommerce for order attribution based on user source.<\/p><table class=\"wpconsent-cookie-policy-table\"><tr><th>Nombre<\/th><th>Descripci\u00f3n<\/th><th>Duraci\u00f3n<\/th><\/tr><tr><td>sbjs_first_add<\/td><td>Marca de tiempo, URL de referencia y p\u00e1gina de entrada de la primera visita del visitante a su tienda (solo aplicable si el visitante regresa antes de que expire la sesi\u00f3n).<\/td><td>Sesi\u00f3n<\/td><\/tr><tr><td>sbjs_current_add<\/td><td>Marca de tiempo, URL de referencia y p\u00e1gina de entrada de la visita actual del visitante.<\/td><td>Sesi\u00f3n<\/td><\/tr><tr><td>sbjs_migrations<\/td><td>Datos t\u00e9cnicos para ayudar con las migraciones entre diferentes versiones de la funci\u00f3n de seguimiento.<\/td><td>Sesi\u00f3n<\/td><\/tr><tr><td>sbjs_session<\/td><td>El n\u00famero de p\u00e1ginas vistas en esta sesi\u00f3n y la ruta actual de la p\u00e1gina.<\/td><td>30 minutos<\/td><\/tr><tr><td>sbjs_udata<\/td><td>Informaci\u00f3n sobre el agente de usuario del visitante, como la IP, el navegador y el tipo de dispositivo.<\/td><td>Sesi\u00f3n<\/td><\/tr><tr><td>sbjs_first<\/td><td>Traffic origin information for the visitor\u2019s first visit to your store (only applicable if the visitor returns before the session expires)<\/td><td>Sesi\u00f3n<\/td><\/tr><tr><td>sbjs_current<\/td><td>Traffic origin information for the visitor\u2019s current visit to your store<\/td><td>Sesi\u00f3n<\/td><\/tr><\/table><\/div>\n","protected":false},"excerpt":{"rendered":"<p>Esta p\u00e1gina proporciona informaci\u00f3n completa sobre c\u00f3mo utilizamos las cookies en nuestro sitio web para mejorar su experiencia de navegaci\u00f3n, optimizar el rendimiento del sitio web y ofrecer contenido personalizado. Las cookies son peque\u00f1os archivos de texto que se almacenan en su dispositivo cuando visita nuestro sitio. Nos ayudan a entender c\u00f3mo los visitantes interact\u00faan [&hellip;]<\/p>\n","protected":false},"author":1,"featured_media":0,"parent":0,"menu_order":0,"comment_status":"closed","ping_status":"closed","template":"","meta":{"inline_featured_image":false,"_monsterinsights_skip_tracking":false,"_monsterinsights_sitenote_active":false,"_monsterinsights_sitenote_note":"","_monsterinsights_sitenote_category":0,"footnotes":""},"class_list":["post-9236","page","type-page","status-publish"],"acf":[],"_links":{"self":[{"href":"https:\/\/storykeeper.com\/es\/wp-json\/wp\/v2\/pages\/9236","targetHints":{"allow":["GET"]}}],"collection":[{"href":"https:\/\/storykeeper.com\/es\/wp-json\/wp\/v2\/pages"}],"about":[{"href":"https:\/\/storykeeper.com\/es\/wp-json\/wp\/v2\/types\/page"}],"author":[{"embeddable":true,"href":"https:\/\/storykeeper.com\/es\/wp-json\/wp\/v2\/users\/1"}],"replies":[{"embeddable":true,"href":"https:\/\/storykeeper.com\/es\/wp-json\/wp\/v2\/comments?post=9236"}],"version-history":[{"count":1,"href":"https:\/\/storykeeper.com\/es\/wp-json\/wp\/v2\/pages\/9236\/revisions"}],"predecessor-version":[{"id":9239,"href":"https:\/\/storykeeper.com\/es\/wp-json\/wp\/v2\/pages\/9236\/revisions\/9239"}],"wp:attachment":[{"href":"https:\/\/storykeeper.com\/es\/wp-json\/wp\/v2\/media?parent=9236"}],"curies":[{"name":"wp","href":"https:\/\/api.w.org\/{rel}","templated":true}]}}