{"id":7360,"date":"2024-01-04T08:38:17","date_gmt":"2024-01-04T08:38:17","guid":{"rendered":"https:\/\/storykeeper.com\/fr\/conditions-dutilisation\/"},"modified":"2026-03-15T08:33:08","modified_gmt":"2026-03-15T08:33:08","slug":"conditions-dutilisation","status":"publish","type":"page","link":"https:\/\/storykeeper.com\/fr\/conditions-dutilisation\/","title":{"rendered":"Conditions d&rsquo;utilisation"},"content":{"rendered":"\t\t<div data-elementor-type=\"wp-page\" data-elementor-id=\"7360\" class=\"elementor elementor-7360\" data-elementor-post-type=\"page\">\n\t\t\t\t<div class=\"elementor-element elementor-element-effa3d4 e-flex e-con-boxed e-con e-parent\" data-id=\"effa3d4\" data-element_type=\"container\" data-settings=\"{&quot;jet_parallax_layout_list&quot;:[]}\">\n\t\t\t\t\t<div class=\"e-con-inner\">\n\t\t\t\t<div class=\"elementor-element elementor-element-db97c4e elementor-widget elementor-widget-text-editor\" data-id=\"db97c4e\" data-element_type=\"widget\" data-widget_type=\"text-editor.default\">\n\t\t\t\t<div class=\"elementor-widget-container\">\n\t\t\t<style>\/*! elementor - v3.21.0 - 15-04-2024 *\/\n.elementor-widget-text-editor.elementor-drop-cap-view-stacked .elementor-drop-cap{background-color:#69727d;color:#fff}.elementor-widget-text-editor.elementor-drop-cap-view-framed .elementor-drop-cap{color:#69727d;border:3px solid;background-color:transparent}.elementor-widget-text-editor:not(.elementor-drop-cap-view-default) .elementor-drop-cap{margin-top:8px}.elementor-widget-text-editor:not(.elementor-drop-cap-view-default) .elementor-drop-cap-letter{width:1em;height:1em}.elementor-widget-text-editor .elementor-drop-cap{float:left;text-align:center;line-height:1;font-size:50px}.elementor-widget-text-editor .elementor-drop-cap-letter{display:inline-block}<\/style>\t\t\t\t<p>StoryKeeper Conditions d\u2019utilisation<\/p><p>Derni\u00e8re mise \u00e0 jour : 27 novembre 2024<\/p><ol class=\"marker:text-textOff list-decimal pl-8\"><li>Acceptation des conditions<\/li><\/ol><p>Bienvenue sur StoryKeeper (\u00ab\u00a0nous\u00a0\u00bb, \u00ab\u00a0notre\u00a0\u00bb ou \u00ab\u00a0nos\u00a0\u00bb). En acc\u00e9dant \u00e0 notre plateforme en ligne ou en l\u2019utilisant (la \u00ab\u00a0Plateforme\u00a0\u00bb), vous acceptez de respecter et d\u2019\u00eatre li\u00e9 par nos Conditions d\u2019utilisation (\u00ab\u00a0ToS\u00a0\u00bb). Si vous n\u2019acceptez pas ces ToS, veuillez ne pas utiliser notre Plateforme.<\/p><ol class=\"marker:text-textOff list-decimal pl-8\" start=\"2\"><li>Modifications des ToS<\/li><\/ol><p>Nous pouvons mettre \u00e0 jour ces ToS p\u00e9riodiquement. Il est de votre responsabilit\u00e9 de consulter r\u00e9guli\u00e8rement ces conditions afin de prendre connaissance de toute modification. L\u2019utilisation continue de la Plateforme apr\u00e8s toute modification constitue votre acceptation des nouvelles conditions.<\/p><ol class=\"marker:text-textOff list-decimal pl-8\" start=\"3\"><li>Utilisation de la Plateforme<\/li><\/ol><p>3.1. \u00c9ligibilit\u00e9 : Vous devez avoir au moins 18 ans pour utiliser notre Plateforme. En utilisant notre Plateforme, vous d\u00e9clarez et garantissez que vous avez l\u2019\u00e2ge l\u00e9gal pour conclure un contrat contraignant.3.2. Comptes utilisateurs : Pour acc\u00e9der \u00e0 certaines fonctionnalit\u00e9s de la Plateforme, il peut \u00eatre n\u00e9cessaire de cr\u00e9er un compte utilisateur. Vous \u00eates responsable de la confidentialit\u00e9 des identifiants de votre compte et vous acceptez de ne pas les partager avec d\u2019autres.3.3. Contenu utilisateur : Tout contenu que vous soumettez \u00e0 notre Plateforme, y compris les textes, images et vid\u00e9os, rel\u00e8ve de votre responsabilit\u00e9. Vous acceptez de ne pas soumettre de contenu ill\u00e9gal, nuisible, offensant ou portant atteinte aux droits d\u2019autrui.3.4. Activit\u00e9s interdites : Vous acceptez de ne participer \u00e0 aucune activit\u00e9 sur la Plateforme qui viole les lois, r\u00e9glementations applicables ou ces ToS. Les activit\u00e9s interdites incluent notamment le piratage, le spam et la distribution de logiciels malveillants.<\/p><ol class=\"marker:text-textOff list-decimal pl-8\" start=\"4\"><li>Propri\u00e9t\u00e9 intellectuelle<\/li><\/ol><p>4.1. Propri\u00e9t\u00e9 : Tout le contenu, les marques, les logos et la propri\u00e9t\u00e9 intellectuelle affich\u00e9s sur la Plateforme sont la propri\u00e9t\u00e9 de StoryKeeper ou de ses conc\u00e9dants de licence.4.2. Licence : Nous vous accordons une licence limit\u00e9e, non exclusive et non transf\u00e9rable pour acc\u00e9der et utiliser la Plateforme \u00e0 des fins personnelles et non commerciales. Vous ne pouvez pas reproduire, distribuer ou modifier notre contenu sans notre consentement \u00e9crit.<\/p><ol class=\"marker:text-textOff list-decimal pl-8\" start=\"5\"><li>Confidentialit\u00e9<\/li><\/ol><p>Nous respectons votre vie priv\u00e9e. Nos pratiques en mati\u00e8re de confidentialit\u00e9 sont d\u00e9crites dans notre Politique de confidentialit\u00e9. En utilisant notre Plateforme, vous consentez \u00e0 la collecte, \u00e0 l\u2019utilisation et au partage de vos informations conform\u00e9ment \u00e0 la Politique de confidentialit\u00e9.<\/p><ol class=\"marker:text-textOff list-decimal pl-8\" start=\"6\"><li>R\u00e9siliation<\/li><\/ol><p>Nous nous r\u00e9servons le droit de r\u00e9silier ou de suspendre votre acc\u00e8s \u00e0 la Plateforme, avec ou sans pr\u00e9avis, pour toute violation de ces ToS ou pour toute raison que nous jugeons n\u00e9cessaire afin de prot\u00e9ger nos int\u00e9r\u00eats.<\/p><ol class=\"marker:text-textOff list-decimal pl-8\" start=\"7\"><li>Avis de non-responsabilit\u00e9 et limitation de responsabilit\u00e9<\/li><\/ol><p>7.1. Aucune garantie : La Plateforme est fournie \u00ab\u00a0telle quelle\u00a0\u00bb et \u00ab\u00a0selon disponibilit\u00e9\u00a0\u00bb. Nous ne donnons aucune garantie, expresse ou implicite, concernant l\u2019exactitude, la fiabilit\u00e9 ou la disponibilit\u00e9 de la Plateforme.7.2. Limitation de responsabilit\u00e9 : Dans la mesure permise par la loi, nous ne serons pas responsables de tout dommage direct, indirect, accessoire, sp\u00e9cial ou cons\u00e9cutif r\u00e9sultant de votre utilisation de la Plateforme.<\/p><ol class=\"marker:text-textOff list-decimal pl-8\" start=\"8\"><li>Politique de remboursement<\/li><\/ol><p>8.1 \u00c9ligibilit\u00e9 au remboursement : Nous nous effor\u00e7ons de fournir une exp\u00e9rience satisfaisante avec nos services num\u00e9riques. Les remboursements pour nos services num\u00e9riques peuvent \u00eatre envisag\u00e9s dans un d\u00e9lai de 30 jours \u00e0 compter de la date d\u2019achat initiale.8.2 Demande de remboursement :<br \/>a. Pour demander un remboursement, veuillez contacter notre \u00e9quipe d\u2019assistance client \u00e0 l\u2019adresse <a class=\"break-word hover:text-super hover:decoration-super dark:hover:text-superDark dark:hover:decoration-superDark underline decoration-from-font underline-offset-1 transition-all duration-300\" href=\"mailto:contact@storykeeper.com\" target=\"_blank\" rel=\"nofollow noopener\">contact@storykeeper.com<\/a> dans le d\u00e9lai de remboursement sp\u00e9cifi\u00e9.<br \/>b. Incluez les d\u00e9tails de votre commande et une br\u00e8ve explication du motif de votre demande de remboursement dans votre message.8.3 Exceptions : Les remboursements peuvent ne pas \u00eatre applicables dans certaines circonstances, notamment :<br \/>a. Violation de nos Conditions d\u2019utilisation.<br \/>b. Utilisation ou acc\u00e8s non autoris\u00e9 au service num\u00e9rique.<br \/>c. Non-respect des crit\u00e8res d\u2019\u00e9ligibilit\u00e9 sp\u00e9cifi\u00e9s dans cette Politique de remboursement.8.4 Mises \u00e0 jour de la politique : Nous nous r\u00e9servons le droit de modifier cette politique de remboursement \u00e0 tout moment. Toute modification prendra effet imm\u00e9diatement apr\u00e8s la publication de la politique mise \u00e0 jour sur notre site web.En utilisant nos services num\u00e9riques, vous acceptez de respecter les conditions d\u00e9crites dans cette Politique de remboursement.<\/p><ol class=\"marker:text-textOff list-decimal pl-8\" start=\"9\"><li>Droit applicable et juridiction<\/li><\/ol><p>Ces ToS sont r\u00e9gies et interpr\u00e9t\u00e9es conform\u00e9ment aux lois du Royaume-Uni. Tout litige d\u00e9coulant de ou li\u00e9 \u00e0 ces ToS sera soumis \u00e0 la juridiction exclusive des tribunaux du Royaume-Uni.<\/p><ol class=\"marker:text-textOff list-decimal pl-8\" start=\"10\"><li>Contactez-nous<\/li><\/ol><p>Si vous avez des questions, pr\u00e9occupations ou commentaires concernant ces Conditions d\u2019utilisation ou la Plateforme, veuillez nous contacter \u00e0 l\u2019adresse <a class=\"break-word hover:text-super hover:decoration-super dark:hover:text-superDark dark:hover:decoration-superDark underline decoration-from-font underline-offset-1 transition-all duration-300\" href=\"mailto:contact@storykeeper.com\" target=\"_blank\" rel=\"nofollow noopener\">contact@storykeeper.com<\/a>.<\/p>\t\t\t\t\t\t<\/div>\n\t\t\t\t<\/div>\n\t\t\t\t\t<\/div>\n\t\t\t\t<\/div>\n\t\t\t\t<\/div>\n\t\t","protected":false},"excerpt":{"rendered":"<p>StoryKeeper Conditions d\u2019utilisation Derni\u00e8re mise \u00e0 jour : 27 novembre 2024 Acceptation des conditions Bienvenue sur StoryKeeper (\u00ab\u00a0nous\u00a0\u00bb, \u00ab\u00a0notre\u00a0\u00bb ou \u00ab\u00a0nos\u00a0\u00bb). En acc\u00e9dant \u00e0 notre plateforme en ligne ou en l\u2019utilisant (la \u00ab\u00a0Plateforme\u00a0\u00bb), vous acceptez de respecter et d\u2019\u00eatre li\u00e9 par nos Conditions d\u2019utilisation (\u00ab\u00a0ToS\u00a0\u00bb). Si vous n\u2019acceptez pas ces ToS, veuillez ne pas utiliser [&hellip;]<\/p>\n","protected":false},"author":1,"featured_media":0,"parent":0,"menu_order":0,"comment_status":"closed","ping_status":"closed","template":"","meta":{"inline_featured_image":false,"_monsterinsights_skip_tracking":false,"_monsterinsights_sitenote_active":false,"_monsterinsights_sitenote_note":"","_monsterinsights_sitenote_category":0,"footnotes":""},"class_list":["post-7360","page","type-page","status-publish"],"acf":[],"_links":{"self":[{"href":"https:\/\/storykeeper.com\/fr\/wp-json\/wp\/v2\/pages\/7360","targetHints":{"allow":["GET"]}}],"collection":[{"href":"https:\/\/storykeeper.com\/fr\/wp-json\/wp\/v2\/pages"}],"about":[{"href":"https:\/\/storykeeper.com\/fr\/wp-json\/wp\/v2\/types\/page"}],"author":[{"embeddable":true,"href":"https:\/\/storykeeper.com\/fr\/wp-json\/wp\/v2\/users\/1"}],"replies":[{"embeddable":true,"href":"https:\/\/storykeeper.com\/fr\/wp-json\/wp\/v2\/comments?post=7360"}],"version-history":[{"count":9,"href":"https:\/\/storykeeper.com\/fr\/wp-json\/wp\/v2\/pages\/7360\/revisions"}],"predecessor-version":[{"id":9667,"href":"https:\/\/storykeeper.com\/fr\/wp-json\/wp\/v2\/pages\/7360\/revisions\/9667"}],"wp:attachment":[{"href":"https:\/\/storykeeper.com\/fr\/wp-json\/wp\/v2\/media?parent=7360"}],"curies":[{"name":"wp","href":"https:\/\/api.w.org\/{rel}","templated":true}]}}