{"id":9721,"date":"2026-04-21T13:59:03","date_gmt":"2026-04-21T13:59:03","guid":{"rendered":"https:\/\/storykeeper.com\/fr\/cookie-policy\/"},"modified":"2026-04-21T13:59:50","modified_gmt":"2026-04-21T13:59:50","slug":"cookie-policy","status":"publish","type":"page","link":"https:\/\/storykeeper.com\/fr\/cookie-policy\/","title":{"rendered":"Cookie Policy"},"content":{"rendered":"\n<p>Cette page fournit des informations compl\u00e8tes sur la mani\u00e8re dont nous utilisons les cookies sur notre site web afin d\u2019am\u00e9liorer votre exp\u00e9rience de navigation, d\u2019optimiser les performances du site et de proposer un contenu personnalis\u00e9. Les cookies sont de petits fichiers texte stock\u00e9s sur votre appareil lorsque vous visitez notre site. Ils nous aident \u00e0 comprendre comment les visiteurs interagissent avec notre site web, ce qui nous permet d\u2019offrir une exp\u00e9rience utilisateur plus fluide et plus efficace. Dans le tableau ci-dessous, vous trouverez des informations d\u00e9taill\u00e9es sur chaque type de cookie que nous utilisons, leur finalit\u00e9 et la dur\u00e9e pendant laquelle ils restent sur votre appareil. Nous nous engageons \u00e0 respecter votre vie priv\u00e9e et \u00e0 faire preuve de transparence concernant les donn\u00e9es que nous collectons par le biais des cookies. Pour en savoir plus sur la mani\u00e8re dont nous traitons vos donn\u00e9es personnelles, veuillez consulter notre <a href=\"https:\/\/storykeeper.com\/fr\/politique\/\" data-type=\"page\" data-id=\"236\">Politique de confidentialit\u00e9.<\/a><\/p>\n\n\n<div class=\"wpconsent-cookie-policy\"><h2 class=\"wpconsent-cookie-category-name\">Essentiels<\/h2><p class=\"wpconsent-cookie-category-description\">Les cookies essentiels permettent d\u2019activer les fonctions de base et sont n\u00e9cessaires au bon fonctionnement du site web.<\/p><table class=\"wpconsent-cookie-policy-table\"><tr><th>Nom<\/th><th>Description<\/th><th>Dur\u00e9e<\/th><\/tr><tr><td>wpconsent_preferences<\/td><td>Ce cookie est utilis\u00e9 pour enregistrer les pr\u00e9f\u00e9rences de consentement aux cookies de l\u2019utilisateur.<\/td><td>30 jours<\/td><\/tr><\/table><h3 class=\"wpconsent-cookie-service-name\">Comments<\/h3><p class=\"wpconsent-cookie-service-description\">These cookies are needed for adding comments on this website.<\/p><table class=\"wpconsent-cookie-policy-table\"><tr><th>Nom<\/th><th>Description<\/th><th>Dur\u00e9e<\/th><\/tr><tr><td>comment_author<\/td><td>Utilis\u00e9 pour suivre l\u2019utilisateur \u00e0 travers plusieurs sessions.<\/td><td>Session<\/td><\/tr><tr><td>comment_author_email<\/td><td>Utilis\u00e9 pour suivre l\u2019utilisateur \u00e0 travers plusieurs sessions.<\/td><td>Session<\/td><\/tr><tr><td>comment_author_url<\/td><td>Utilis\u00e9 pour suivre l\u2019utilisateur \u00e0 travers plusieurs sessions.<\/td><td>Session<\/td><\/tr><\/table><h3 class=\"wpconsent-cookie-service-name\">Google Tag Manager<\/h3><p class=\"wpconsent-cookie-service-description\">Google Tag Manager simplifies the management of marketing tags on your website without code changes.<\/p><table class=\"wpconsent-cookie-policy-table\"><tr><th>Nom<\/th><th>Description<\/th><th>Dur\u00e9e<\/th><\/tr><tr><td>cookiePreferences<\/td><td>Enregistre les pr\u00e9f\u00e9rences de cookies d\u2019un utilisateur.<\/td><td>2 ans<\/td><\/tr><tr><td>td<\/td><td>Enregistre des donn\u00e9es statistiques sur le comportement des utilisateurs sur le site web. Utilis\u00e9 \u00e0 des fins d\u2019analyse interne par l\u2019exploitant du site web.<\/td><td>session<\/td><\/tr><\/table><h3 class=\"wpconsent-cookie-service-name\">Stripe<\/h3><p class=\"wpconsent-cookie-service-description\">Stripe is a payment processing platform that enables businesses to accept online payments securely and efficiently.<\/p><a href=\"https:\/\/stripe.com\/legal\/privacy-center\" target=\"_blank\" rel=\"noopener\">Learn more<\/a><table class=\"wpconsent-cookie-policy-table\"><tr><th>Nom<\/th><th>Description<\/th><th>Dur\u00e9e<\/th><\/tr><tr><td>__stripe_mid<\/td><td>Pr\u00e9vention et d\u00e9tection de la fraude<\/td><td>1 an<\/td><\/tr><tr><td>__stripe_sid<\/td><td>Pr\u00e9vention et d\u00e9tection de la fraude<\/td><td>30 minutes<\/td><\/tr><tr><td>m<\/td><td>D\u00e9fini par le prestataire de paiement stripe.com pour traiter les paiements<\/td><td>10 ans<\/td><\/tr><\/table><h2 class=\"wpconsent-cookie-category-name\">Statistiques<\/h2><p class=\"wpconsent-cookie-category-description\">Les cookies statistiques collectent des informations de mani\u00e8re anonyme. Ces informations nous aident \u00e0 comprendre comment les visiteurs utilisent notre site web.<\/p><h3 class=\"wpconsent-cookie-service-name\">WooCommerce Sourcebuster<\/h3><p class=\"wpconsent-cookie-service-description\">SourceBuster is used by WooCommerce for order attribution based on user source.<\/p><table class=\"wpconsent-cookie-policy-table\"><tr><th>Nom<\/th><th>Description<\/th><th>Dur\u00e9e<\/th><\/tr><tr><td>sbjs_session<\/td><td>Le nombre de pages vues pendant cette session et le chemin actuel de la page<\/td><td>30 minutes<\/td><\/tr><tr><td>sbjs_udata<\/td><td>Des informations sur l\u2019agent utilisateur du visiteur, telles que l\u2019adresse IP, le navigateur et le type d\u2019appareil<\/td><td>session<\/td><\/tr><tr><td>sbjs_first<\/td><td>Des informations sur l\u2019origine du trafic lors de la premi\u00e8re visite du visiteur sur votre boutique (uniquement si le visiteur revient avant l\u2019expiration de la session)<\/td><td>session<\/td><\/tr><tr><td>sbjs_current<\/td><td>Informations sur l\u2019origine du trafic pour la visite actuelle du visiteur sur votre boutique<\/td><td>session<\/td><\/tr><tr><td>sbjs_first_add<\/td><td>Horodatage, URL de provenance et page d\u2019entr\u00e9e de la premi\u00e8re visite du visiteur sur votre boutique (uniquement si le visiteur revient avant l\u2019expiration de la session)<\/td><td>session<\/td><\/tr><tr><td>sbjs_current_add<\/td><td>Horodatage, URL de provenance et page d\u2019entr\u00e9e de la visite actuelle du visiteur sur votre boutique<\/td><td>session<\/td><\/tr><tr><td>sbjs_migrations<\/td><td>Donn\u00e9es techniques destin\u00e9es \u00e0 faciliter les migrations entre diff\u00e9rentes versions de la fonctionnalit\u00e9 de suivi<\/td><td>session<\/td><\/tr><\/table><\/div>\n","protected":false},"excerpt":{"rendered":"<p>Cette page fournit des informations compl\u00e8tes sur la mani\u00e8re dont nous utilisons les cookies sur notre site web afin d\u2019am\u00e9liorer votre exp\u00e9rience de navigation, d\u2019optimiser les performances du site et de proposer un contenu personnalis\u00e9. Les cookies sont de petits fichiers texte stock\u00e9s sur votre appareil lorsque vous visitez notre site. Ils nous aident \u00e0 [&hellip;]<\/p>\n","protected":false},"author":1,"featured_media":0,"parent":0,"menu_order":0,"comment_status":"closed","ping_status":"closed","template":"","meta":{"inline_featured_image":false,"_monsterinsights_skip_tracking":false,"_monsterinsights_sitenote_active":false,"_monsterinsights_sitenote_note":"","_monsterinsights_sitenote_category":0,"footnotes":""},"class_list":["post-9721","page","type-page","status-publish"],"acf":[],"_links":{"self":[{"href":"https:\/\/storykeeper.com\/fr\/wp-json\/wp\/v2\/pages\/9721","targetHints":{"allow":["GET"]}}],"collection":[{"href":"https:\/\/storykeeper.com\/fr\/wp-json\/wp\/v2\/pages"}],"about":[{"href":"https:\/\/storykeeper.com\/fr\/wp-json\/wp\/v2\/types\/page"}],"author":[{"embeddable":true,"href":"https:\/\/storykeeper.com\/fr\/wp-json\/wp\/v2\/users\/1"}],"replies":[{"embeddable":true,"href":"https:\/\/storykeeper.com\/fr\/wp-json\/wp\/v2\/comments?post=9721"}],"version-history":[{"count":1,"href":"https:\/\/storykeeper.com\/fr\/wp-json\/wp\/v2\/pages\/9721\/revisions"}],"predecessor-version":[{"id":9722,"href":"https:\/\/storykeeper.com\/fr\/wp-json\/wp\/v2\/pages\/9721\/revisions\/9722"}],"wp:attachment":[{"href":"https:\/\/storykeeper.com\/fr\/wp-json\/wp\/v2\/media?parent=9721"}],"curies":[{"name":"wp","href":"https:\/\/api.w.org\/{rel}","templated":true}]}}